{"id":9801,"date":"2023-04-12T12:42:53","date_gmt":"2023-04-12T11:42:53","guid":{"rendered":"https:\/\/nameworks.es\/?page_id=9801"},"modified":"2023-04-17T08:47:21","modified_gmt":"2023-04-17T07:47:21","slug":"aviso-legal","status":"publish","type":"page","link":"https:\/\/nameworks.es\/index.php\/aviso-legal","title":{"rendered":"Aviso legal"},"content":{"rendered":"\t\t<div data-elementor-type=\"wp-page\" data-elementor-id=\"9801\" class=\"elementor elementor-9801\" data-elementor-post-type=\"page\">\n\t\t\t\t\t\t<section class=\"elementor-section elementor-top-section elementor-element elementor-element-a82e2b2 elementor-section-boxed elementor-section-height-default elementor-section-height-default\" data-id=\"a82e2b2\" data-element_type=\"section\">\n\t\t\t\t\t\t<div class=\"elementor-container elementor-column-gap-no\">\n\t\t\t\t\t<div class=\"elementor-column elementor-col-100 elementor-top-column elementor-element elementor-element-317c0ce\" data-id=\"317c0ce\" data-element_type=\"column\">\n\t\t\t<div class=\"elementor-widget-wrap elementor-element-populated\">\n\t\t\t\t\t\t<div class=\"elementor-element elementor-element-25c7357 elementor-widget elementor-widget-heading\" data-id=\"25c7357\" data-element_type=\"widget\" data-widget_type=\"heading.default\">\n\t\t\t\t<div class=\"elementor-widget-container\">\n\t\t\t\t\t<h1 class=\"elementor-heading-title elementor-size-default\">Aviso legal<\/h1>\t\t\t\t<\/div>\n\t\t\t\t<\/div>\n\t\t\t\t\t<\/div>\n\t\t<\/div>\n\t\t\t\t\t<\/div>\n\t\t<\/section>\n\t\t<div class=\"elementor-element elementor-element-9fda091 e-flex e-con-boxed e-con e-parent\" data-id=\"9fda091\" data-element_type=\"container\">\n\t\t\t\t\t<div class=\"e-con-inner\">\n\t\t\t\t<div class=\"elementor-element elementor-element-510f99e elementor-widget elementor-widget-text-editor\" data-id=\"510f99e\" data-element_type=\"widget\" data-widget_type=\"text-editor.default\">\n\t\t\t\t<div class=\"elementor-widget-container\">\n\t\t\t\t\t\t\t\t\t<p>Nameworks es una marca nacional espa\u00f1ola registrada en la OEPM con n\u00famero M2338958 propiedad de Ignasi Fontvila.<\/p><h2>Ignasi Fontvila<\/h2>\t\t\t\t\t\t\t\t<\/div>\n\t\t\t\t<\/div>\n\t\t\t\t<div class=\"elementor-element elementor-element-c3c1b4a elementor-widget elementor-widget-text-editor\" data-id=\"c3c1b4a\" data-element_type=\"widget\" data-widget_type=\"text-editor.default\">\n\t\t\t\t<div class=\"elementor-widget-container\">\n\t\t\t\t\t\t\t\t\t<p>En cumplimiento del art\u00edculo 10 de la Ley 34\/2002, de 11 de julio, de Servicios de la Sociedad de la Informaci\u00f3n y Comercio Electr\u00f3nico (LSSICE) a continuaci\u00f3n se detallan los datos identificativos del titular:<\/p><p>Titular: Ignasi Fontvila<br \/>NIF: 39.181.879-E<br \/>Direcci\u00f3n: Trafalgar, 25 1\u00ba 1\u00aa<br \/>Tel\u00e9fono: 669 538 269<br \/>Email: <a href=\"mailto:ignasi@nameworks.es\">ignasi@nameworks.es<\/a><\/p>\t\t\t\t\t\t\t\t<\/div>\n\t\t\t\t<\/div>\n\t\t\t\t<div class=\"elementor-element elementor-element-613b270 elementor-widget elementor-widget-heading\" data-id=\"613b270\" data-element_type=\"widget\" data-widget_type=\"heading.default\">\n\t\t\t\t<div class=\"elementor-widget-container\">\n\t\t\t\t\t<h3 class=\"elementor-heading-title elementor-size-default\">FINALIDAD DE LA P\u00c1GINA WEB<\/h3>\t\t\t\t<\/div>\n\t\t\t\t<\/div>\n\t\t\t\t<div class=\"elementor-element elementor-element-eed7f69 elementor-widget elementor-widget-text-editor\" data-id=\"eed7f69\" data-element_type=\"widget\" data-widget_type=\"text-editor.default\">\n\t\t\t\t<div class=\"elementor-widget-container\">\n\t\t\t\t\t\t\t\t\t<p>Dar informaci\u00f3n de los servicios que comercializa Ignasi Fontvila a trav\u00e9s de la marca Nameworks.<\/p><p>El presente aviso legal (en adelante, el \u00abAviso Legal\u00bb) regula el uso del sitio web: <a href=\"http:\/\/nameworks.es\">nameworks.es<\/a><\/p>\t\t\t\t\t\t\t\t<\/div>\n\t\t\t\t<\/div>\n\t\t\t\t<div class=\"elementor-element elementor-element-bf2f8fb elementor-widget elementor-widget-heading\" data-id=\"bf2f8fb\" data-element_type=\"widget\" data-widget_type=\"heading.default\">\n\t\t\t\t<div class=\"elementor-widget-container\">\n\t\t\t\t\t<h3 class=\"elementor-heading-title elementor-size-default\">LEGISLACI\u00d3N<\/h3>\t\t\t\t<\/div>\n\t\t\t\t<\/div>\n\t\t\t\t<div class=\"elementor-element elementor-element-2905df7 elementor-widget elementor-widget-text-editor\" data-id=\"2905df7\" data-element_type=\"widget\" data-widget_type=\"text-editor.default\">\n\t\t\t\t<div class=\"elementor-widget-container\">\n\t\t\t\t\t\t\t\t\tCon car\u00e1cter general las relaciones entre Ignasi Fontvila con los Usuarios de sus servicios telem\u00e1ticos, presentes en este sitio web, se encuentran sometidas a la legislaci\u00f3n y jurisdicci\u00f3n espa\u00f1olas.\t\t\t\t\t\t\t\t<\/div>\n\t\t\t\t<\/div>\n\t\t\t\t<div class=\"elementor-element elementor-element-e95f056 elementor-widget elementor-widget-heading\" data-id=\"e95f056\" data-element_type=\"widget\" data-widget_type=\"heading.default\">\n\t\t\t\t<div class=\"elementor-widget-container\">\n\t\t\t\t\t<h3 class=\"elementor-heading-title elementor-size-default\">USO Y ACCESO DE USUARIOS<\/h3>\t\t\t\t<\/div>\n\t\t\t\t<\/div>\n\t\t\t\t<div class=\"elementor-element elementor-element-ef3b6f6 elementor-widget elementor-widget-text-editor\" data-id=\"ef3b6f6\" data-element_type=\"widget\" data-widget_type=\"text-editor.default\">\n\t\t\t\t<div class=\"elementor-widget-container\">\n\t\t\t\t\t\t\t\t\tEl Usuario queda informado, y acepta, que el acceso a la presente web no supone, en modo alguno, el inicio de una relaci\u00f3n comercial con Ignasi Fontvila o cualquiera de sus delegaciones.\t\t\t\t\t\t\t\t<\/div>\n\t\t\t\t<\/div>\n\t\t\t\t<div class=\"elementor-element elementor-element-aa3934c elementor-widget elementor-widget-heading\" data-id=\"aa3934c\" data-element_type=\"widget\" data-widget_type=\"heading.default\">\n\t\t\t\t<div class=\"elementor-widget-container\">\n\t\t\t\t\t<h3 class=\"elementor-heading-title elementor-size-default\">PROPIEDAD INTELECTUAL E INDUSTRIAL<\/h3>\t\t\t\t<\/div>\n\t\t\t\t<\/div>\n\t\t\t\t<div class=\"elementor-element elementor-element-bd16486 elementor-widget elementor-widget-text-editor\" data-id=\"bd16486\" data-element_type=\"widget\" data-widget_type=\"text-editor.default\">\n\t\t\t\t<div class=\"elementor-widget-container\">\n\t\t\t\t\t\t\t\t\tLos derechos de propiedad intelectual del contenido de las p\u00e1ginas web, su dise\u00f1o gr\u00e1fico y c\u00f3digos son titularidad de Ignasi Fontvila y, por tanto, queda prohibida su reproducci\u00f3n, distribuci\u00f3n, comunicaci\u00f3n p\u00fablica, transformaci\u00f3n o cualquier otra actividad que se pueda realizar con los contenidos de sus p\u00e1ginas web ni aun citando las fuentes, salvo consentimiento por escrito de Ignasi Fontvila.\t\t\t\t\t\t\t\t<\/div>\n\t\t\t\t<\/div>\n\t\t\t\t<div class=\"elementor-element elementor-element-9514a6b elementor-widget elementor-widget-heading\" data-id=\"9514a6b\" data-element_type=\"widget\" data-widget_type=\"heading.default\">\n\t\t\t\t<div class=\"elementor-widget-container\">\n\t\t\t\t\t<h3 class=\"elementor-heading-title elementor-size-default\">CONTENIDO DE LA WEB Y ENLACES (LINKS)<\/h3>\t\t\t\t<\/div>\n\t\t\t\t<\/div>\n\t\t\t\t<div class=\"elementor-element elementor-element-94cf6ae elementor-widget elementor-widget-text-editor\" data-id=\"94cf6ae\" data-element_type=\"widget\" data-widget_type=\"text-editor.default\">\n\t\t\t\t<div class=\"elementor-widget-container\">\n\t\t\t\t\t\t\t\t\tIgnasi Fontvila se reserva el derecho a actualizar, modificar o eliminar la informaci\u00f3n contenida en sus p\u00e1ginas web pudiendo incluso limitar o no permitir el acceso a dicha informaci\u00f3n a ciertos usuarios.\t\t\t\t\t\t\t\t<\/div>\n\t\t\t\t<\/div>\n\t\t\t\t\t<\/div>\n\t\t\t\t<\/div>\n\t\t\t\t<\/div>\n\t\t","protected":false},"excerpt":{"rendered":"<p>Aviso legal Nameworks es una marca nacional espa\u00f1ola registrada en la OEPM con n\u00famero M2338958 propiedad de Ignasi Fontvila. Ignasi Fontvila En cumplimiento del art\u00edculo 10 de la Ley 34\/2002, de 11 de julio, de Servicios de la Sociedad de la Informaci\u00f3n y Comercio Electr\u00f3nico (LSSICE) a continuaci\u00f3n se detallan los datos identificativos del titular: [&hellip;]<\/p>\n","protected":false},"author":1,"featured_media":0,"parent":0,"menu_order":0,"comment_status":"closed","ping_status":"closed","template":"","meta":{"site-sidebar-layout":"no-sidebar","site-content-layout":"page-builder","ast-site-content-layout":"default","site-content-style":"default","site-sidebar-style":"default","ast-global-header-display":"","ast-banner-title-visibility":"","ast-main-header-display":"","ast-hfb-above-header-display":"","ast-hfb-below-header-display":"","ast-hfb-mobile-header-display":"","site-post-title":"disabled","ast-breadcrumbs-content":"","ast-featured-img":"disabled","footer-sml-layout":"","theme-transparent-header-meta":"","adv-header-id-meta":"","stick-header-meta":"","header-above-stick-meta":"","header-main-stick-meta":"","header-below-stick-meta":"","astra-migrate-meta-layouts":"default","ast-page-background-enabled":"default","ast-page-background-meta":{"desktop":{"background-color":"","background-image":"","background-repeat":"repeat","background-position":"center center","background-size":"auto","background-attachment":"scroll","background-type":"","background-media":"","overlay-type":"","overlay-color":"","overlay-opacity":"","overlay-gradient":""},"tablet":{"background-color":"","background-image":"","background-repeat":"repeat","background-position":"center center","background-size":"auto","background-attachment":"scroll","background-type":"","background-media":"","overlay-type":"","overlay-color":"","overlay-opacity":"","overlay-gradient":""},"mobile":{"background-color":"","background-image":"","background-repeat":"repeat","background-position":"center center","background-size":"auto","background-attachment":"scroll","background-type":"","background-media":"","overlay-type":"","overlay-color":"","overlay-opacity":"","overlay-gradient":""}},"ast-content-background-meta":{"desktop":{"background-color":"var(--ast-global-color-5)","background-image":"","background-repeat":"repeat","background-position":"center center","background-size":"auto","background-attachment":"scroll","background-type":"","background-media":"","overlay-type":"","overlay-color":"","overlay-opacity":"","overlay-gradient":""},"tablet":{"background-color":"var(--ast-global-color-5)","background-image":"","background-repeat":"repeat","background-position":"center center","background-size":"auto","background-attachment":"scroll","background-type":"","background-media":"","overlay-type":"","overlay-color":"","overlay-opacity":"","overlay-gradient":""},"mobile":{"background-color":"var(--ast-global-color-5)","background-image":"","background-repeat":"repeat","background-position":"center center","background-size":"auto","background-attachment":"scroll","background-type":"","background-media":"","overlay-type":"","overlay-color":"","overlay-opacity":"","overlay-gradient":""}},"footnotes":""},"class_list":["post-9801","page","type-page","status-publish","hentry"],"yoast_head":"<!-- This site is optimized with the Yoast SEO plugin v25.7 - https:\/\/yoast.com\/wordpress\/plugins\/seo\/ -->\n<title>Aviso legal - Nameworks<\/title>\n<meta name=\"robots\" content=\"index, follow, max-snippet:-1, max-image-preview:large, max-video-preview:-1\" \/>\n<link rel=\"canonical\" href=\"https:\/\/nameworks.es\/index.php\/aviso-legal\" \/>\n<meta property=\"og:locale\" content=\"es_ES\" \/>\n<meta property=\"og:type\" content=\"article\" \/>\n<meta property=\"og:title\" content=\"Aviso legal - Nameworks\" \/>\n<meta property=\"og:description\" content=\"Aviso legal Nameworks es una marca nacional espa\u00f1ola registrada en la OEPM con n\u00famero M2338958 propiedad de Ignasi Fontvila. Ignasi Fontvila En cumplimiento del art\u00edculo 10 de la Ley 34\/2002, de 11 de julio, de Servicios de la Sociedad de la Informaci\u00f3n y Comercio Electr\u00f3nico (LSSICE) a continuaci\u00f3n se detallan los datos identificativos del titular: [&hellip;]\" \/>\n<meta property=\"og:url\" content=\"https:\/\/nameworks.es\/index.php\/aviso-legal\" \/>\n<meta property=\"og:site_name\" content=\"Nameworks\" \/>\n<meta property=\"article:modified_time\" content=\"2023-04-17T07:47:21+00:00\" \/>\n<meta name=\"twitter:card\" content=\"summary_large_image\" \/>\n<meta name=\"twitter:label1\" content=\"Tiempo de lectura\" \/>\n\t<meta name=\"twitter:data1\" content=\"1 minuto\" \/>\n<script type=\"application\/ld+json\" class=\"yoast-schema-graph\">{\"@context\":\"https:\/\/schema.org\",\"@graph\":[{\"@type\":\"WebPage\",\"@id\":\"https:\/\/nameworks.es\/index.php\/aviso-legal\",\"url\":\"https:\/\/nameworks.es\/index.php\/aviso-legal\",\"name\":\"Aviso legal - Nameworks\",\"isPartOf\":{\"@id\":\"https:\/\/nameworks.es\/#website\"},\"datePublished\":\"2023-04-12T11:42:53+00:00\",\"dateModified\":\"2023-04-17T07:47:21+00:00\",\"breadcrumb\":{\"@id\":\"https:\/\/nameworks.es\/index.php\/aviso-legal#breadcrumb\"},\"inLanguage\":\"es\",\"potentialAction\":[{\"@type\":\"ReadAction\",\"target\":[\"https:\/\/nameworks.es\/index.php\/aviso-legal\"]}]},{\"@type\":\"BreadcrumbList\",\"@id\":\"https:\/\/nameworks.es\/index.php\/aviso-legal#breadcrumb\",\"itemListElement\":[{\"@type\":\"ListItem\",\"position\":1,\"name\":\"Portada\",\"item\":\"https:\/\/nameworks.es\/\"},{\"@type\":\"ListItem\",\"position\":2,\"name\":\"Aviso legal\"}]},{\"@type\":\"WebSite\",\"@id\":\"https:\/\/nameworks.es\/#website\",\"url\":\"https:\/\/nameworks.es\/\",\"name\":\"Nameworks\",\"description\":\"Agencia de naming en Barcelona\",\"publisher\":{\"@id\":\"https:\/\/nameworks.es\/#organization\"},\"potentialAction\":[{\"@type\":\"SearchAction\",\"target\":{\"@type\":\"EntryPoint\",\"urlTemplate\":\"https:\/\/nameworks.es\/?s={search_term_string}\"},\"query-input\":{\"@type\":\"PropertyValueSpecification\",\"valueRequired\":true,\"valueName\":\"search_term_string\"}}],\"inLanguage\":\"es\"},{\"@type\":\"Organization\",\"@id\":\"https:\/\/nameworks.es\/#organization\",\"name\":\"Nameworks\",\"url\":\"https:\/\/nameworks.es\/\",\"logo\":{\"@type\":\"ImageObject\",\"inLanguage\":\"es\",\"@id\":\"https:\/\/nameworks.es\/#\/schema\/logo\/image\/\",\"url\":\"https:\/\/nameworks.es\/wp-content\/uploads\/lgoo-nou-transparent_p2.png\",\"contentUrl\":\"https:\/\/nameworks.es\/wp-content\/uploads\/lgoo-nou-transparent_p2.png\",\"width\":300,\"height\":79,\"caption\":\"Nameworks\"},\"image\":{\"@id\":\"https:\/\/nameworks.es\/#\/schema\/logo\/image\/\"}}]}<\/script>\n<!-- \/ Yoast SEO plugin. -->","yoast_head_json":{"title":"Aviso legal - Nameworks","robots":{"index":"index","follow":"follow","max-snippet":"max-snippet:-1","max-image-preview":"max-image-preview:large","max-video-preview":"max-video-preview:-1"},"canonical":"https:\/\/nameworks.es\/index.php\/aviso-legal","og_locale":"es_ES","og_type":"article","og_title":"Aviso legal - Nameworks","og_description":"Aviso legal Nameworks es una marca nacional espa\u00f1ola registrada en la OEPM con n\u00famero M2338958 propiedad de Ignasi Fontvila. Ignasi Fontvila En cumplimiento del art\u00edculo 10 de la Ley 34\/2002, de 11 de julio, de Servicios de la Sociedad de la Informaci\u00f3n y Comercio Electr\u00f3nico (LSSICE) a continuaci\u00f3n se detallan los datos identificativos del titular: [&hellip;]","og_url":"https:\/\/nameworks.es\/index.php\/aviso-legal","og_site_name":"Nameworks","article_modified_time":"2023-04-17T07:47:21+00:00","twitter_card":"summary_large_image","twitter_misc":{"Tiempo de lectura":"1 minuto"},"schema":{"@context":"https:\/\/schema.org","@graph":[{"@type":"WebPage","@id":"https:\/\/nameworks.es\/index.php\/aviso-legal","url":"https:\/\/nameworks.es\/index.php\/aviso-legal","name":"Aviso legal - Nameworks","isPartOf":{"@id":"https:\/\/nameworks.es\/#website"},"datePublished":"2023-04-12T11:42:53+00:00","dateModified":"2023-04-17T07:47:21+00:00","breadcrumb":{"@id":"https:\/\/nameworks.es\/index.php\/aviso-legal#breadcrumb"},"inLanguage":"es","potentialAction":[{"@type":"ReadAction","target":["https:\/\/nameworks.es\/index.php\/aviso-legal"]}]},{"@type":"BreadcrumbList","@id":"https:\/\/nameworks.es\/index.php\/aviso-legal#breadcrumb","itemListElement":[{"@type":"ListItem","position":1,"name":"Portada","item":"https:\/\/nameworks.es\/"},{"@type":"ListItem","position":2,"name":"Aviso legal"}]},{"@type":"WebSite","@id":"https:\/\/nameworks.es\/#website","url":"https:\/\/nameworks.es\/","name":"Nameworks","description":"Agencia de naming en Barcelona","publisher":{"@id":"https:\/\/nameworks.es\/#organization"},"potentialAction":[{"@type":"SearchAction","target":{"@type":"EntryPoint","urlTemplate":"https:\/\/nameworks.es\/?s={search_term_string}"},"query-input":{"@type":"PropertyValueSpecification","valueRequired":true,"valueName":"search_term_string"}}],"inLanguage":"es"},{"@type":"Organization","@id":"https:\/\/nameworks.es\/#organization","name":"Nameworks","url":"https:\/\/nameworks.es\/","logo":{"@type":"ImageObject","inLanguage":"es","@id":"https:\/\/nameworks.es\/#\/schema\/logo\/image\/","url":"https:\/\/nameworks.es\/wp-content\/uploads\/lgoo-nou-transparent_p2.png","contentUrl":"https:\/\/nameworks.es\/wp-content\/uploads\/lgoo-nou-transparent_p2.png","width":300,"height":79,"caption":"Nameworks"},"image":{"@id":"https:\/\/nameworks.es\/#\/schema\/logo\/image\/"}}]}},"_links":{"self":[{"href":"https:\/\/nameworks.es\/index.php\/wp-json\/wp\/v2\/pages\/9801","targetHints":{"allow":["GET"]}}],"collection":[{"href":"https:\/\/nameworks.es\/index.php\/wp-json\/wp\/v2\/pages"}],"about":[{"href":"https:\/\/nameworks.es\/index.php\/wp-json\/wp\/v2\/types\/page"}],"author":[{"embeddable":true,"href":"https:\/\/nameworks.es\/index.php\/wp-json\/wp\/v2\/users\/1"}],"replies":[{"embeddable":true,"href":"https:\/\/nameworks.es\/index.php\/wp-json\/wp\/v2\/comments?post=9801"}],"version-history":[{"count":0,"href":"https:\/\/nameworks.es\/index.php\/wp-json\/wp\/v2\/pages\/9801\/revisions"}],"wp:attachment":[{"href":"https:\/\/nameworks.es\/index.php\/wp-json\/wp\/v2\/media?parent=9801"}],"curies":[{"name":"wp","href":"https:\/\/api.w.org\/{rel}","templated":true}]}}